{"id":108,"date":"2021-01-10T04:14:52","date_gmt":"2021-01-10T09:14:52","guid":{"rendered":"https:\/\/kapa.agency\/tienda\/?post_type=product&#038;p=108"},"modified":"2021-01-10T04:14:52","modified_gmt":"2021-01-10T09:14:52","slug":"diseno-de-publicacion-para-redes","status":"publish","type":"product","link":"https:\/\/kapa.agency\/tienda\/producto\/diseno-de-publicacion-para-redes\/","title":{"rendered":"Dise\u00f1o de publicaci\u00f3n para redes"},"content":{"rendered":"<p>Dise\u00f1o para redes sociales<\/p>\n<p>Imagen, Texto, Colores con dise\u00f1o predefinido<\/p>\n<p>1 Publicaci\u00f3n en alta calidad<\/p>\n<p>Se entrega Archivo .JPG<\/p>\n","protected":false},"excerpt":{"rendered":"<p>Dise\u00f1o de publicacion individual para red social.<\/p>\n","protected":false},"featured_media":109,"comment_status":"open","ping_status":"closed","template":"","meta":[],"product_cat":[19],"product_tag":[],"class_list":["post-108","product","type-product","status-publish","has-post-thumbnail","hentry","product_cat-community-manager"],"_links":{"self":[{"href":"https:\/\/kapa.agency\/tienda\/wp-json\/wp\/v2\/product\/108","targetHints":{"allow":["GET"]}}],"collection":[{"href":"https:\/\/kapa.agency\/tienda\/wp-json\/wp\/v2\/product"}],"about":[{"href":"https:\/\/kapa.agency\/tienda\/wp-json\/wp\/v2\/types\/product"}],"replies":[{"embeddable":true,"href":"https:\/\/kapa.agency\/tienda\/wp-json\/wp\/v2\/comments?post=108"}],"wp:featuredmedia":[{"embeddable":true,"href":"https:\/\/kapa.agency\/tienda\/wp-json\/wp\/v2\/media\/109"}],"wp:attachment":[{"href":"https:\/\/kapa.agency\/tienda\/wp-json\/wp\/v2\/media?parent=108"}],"wp:term":[{"taxonomy":"product_cat","embeddable":true,"href":"https:\/\/kapa.agency\/tienda\/wp-json\/wp\/v2\/product_cat?post=108"},{"taxonomy":"product_tag","embeddable":true,"href":"https:\/\/kapa.agency\/tienda\/wp-json\/wp\/v2\/product_tag?post=108"}],"curies":[{"name":"wp","href":"https:\/\/api.w.org\/{rel}","templated":true}]}}