{"id":38,"date":"2020-06-12T21:42:51","date_gmt":"2020-06-12T21:42:51","guid":{"rendered":"https:\/\/kapa.agency\/tienda\/?post_type=product&#038;p=38"},"modified":"2020-06-12T23:10:03","modified_gmt":"2020-06-12T23:10:03","slug":"anuncio-de-shopping","status":"publish","type":"product","link":"https:\/\/kapa.agency\/tienda\/producto\/anuncio-de-shopping\/","title":{"rendered":"Anuncio de Shopping"},"content":{"rendered":"<ul>\n<li>An\u00e1lisis inicial.<\/li>\n<li>B\u00fasqueda y selecci\u00f3n de palabras clave.<\/li>\n<li>Segmentaci\u00f3n de 1 mercado objetivo.<\/li>\n<li>Dise\u00f1o visual del anuncio<\/li>\n<li>Propuesta de campa\u00f1a con el presupuesto del cliente.<\/li>\n<li>Lanzamiento y monitoreo de campa\u00f1a.<\/li>\n<li>Un agente PlusBits asignado.<\/li>\n<li>Duraci\u00f3n m\u00e1xima de 30 d\u00edas.<\/li>\n<li>Reporte de resultados.<\/li>\n<\/ul>\n","protected":false},"excerpt":{"rendered":"<p>Campa\u00f1a de anuncios para tu tienda, muestra tus productos a personas interesadas.<\/p>\n","protected":false},"featured_media":39,"comment_status":"open","ping_status":"closed","template":"","meta":[],"product_cat":[20],"product_tag":[21,22,31,23,30,28],"class_list":["post-38","product","type-product","status-publish","has-post-thumbnail","hentry","product_cat-campanas","product_tag-ads","product_tag-campana","product_tag-ecommerce","product_tag-publicidad","product_tag-tienda","product_tag-video"],"_links":{"self":[{"href":"https:\/\/kapa.agency\/tienda\/wp-json\/wp\/v2\/product\/38","targetHints":{"allow":["GET"]}}],"collection":[{"href":"https:\/\/kapa.agency\/tienda\/wp-json\/wp\/v2\/product"}],"about":[{"href":"https:\/\/kapa.agency\/tienda\/wp-json\/wp\/v2\/types\/product"}],"replies":[{"embeddable":true,"href":"https:\/\/kapa.agency\/tienda\/wp-json\/wp\/v2\/comments?post=38"}],"wp:featuredmedia":[{"embeddable":true,"href":"https:\/\/kapa.agency\/tienda\/wp-json\/wp\/v2\/media\/39"}],"wp:attachment":[{"href":"https:\/\/kapa.agency\/tienda\/wp-json\/wp\/v2\/media?parent=38"}],"wp:term":[{"taxonomy":"product_cat","embeddable":true,"href":"https:\/\/kapa.agency\/tienda\/wp-json\/wp\/v2\/product_cat?post=38"},{"taxonomy":"product_tag","embeddable":true,"href":"https:\/\/kapa.agency\/tienda\/wp-json\/wp\/v2\/product_tag?post=38"}],"curies":[{"name":"wp","href":"https:\/\/api.w.org\/{rel}","templated":true}]}}